{"id":102,"date":"2015-03-10T08:36:49","date_gmt":"2015-03-10T08:36:49","guid":{"rendered":"http:\/\/localhost\/wordpress\/?page_id=102"},"modified":"2015-09-08T13:15:08","modified_gmt":"2015-09-08T13:15:08","slug":"kirschen","status":"publish","type":"page","link":"http:\/\/brunnbauer-siegl.at\/?page_id=102","title":{"rendered":"Kirschen"},"content":{"rendered":"<div style=\"float: left; width: 30%; position: absolut;\">\n<p><a href=\"http:\/\/brunnbauer-siegl.at\/wp-content\/uploads\/2015\/09\/Kirschen.png\"><img decoding=\"async\" loading=\"lazy\" src=\"http:\/\/brunnbauer-siegl.at\/wp-content\/uploads\/2015\/09\/Kirschen-300x169.png\" alt=\"Kirschen\" width=\"300\" height=\"169\" class=\"alignnone size-medium wp-image-343\" srcset=\"http:\/\/brunnbauer-siegl.at\/wp-content\/uploads\/2015\/09\/Kirschen-300x169.png 300w, http:\/\/brunnbauer-siegl.at\/wp-content\/uploads\/2015\/09\/Kirschen.png 836w\" sizes=\"(max-width: 300px) 100vw, 300px\" \/><\/a><\/p>\n<\/div>\n<div style=\"float: right; width: 65%; position: relative;\">\n<p>Kirschen \u2013 ihr auff\u00e4lliges Rot und der prall gef\u00fcllte Fruchtk\u00f6rper machen es einem schwer, zu widerstehen. Sie sind im Sommer nur kurze Zeit erh\u00e4ltlich, aber nicht nur deswegen ein ganz besonders Obst.<\/p>\n<p>Kirschen sind vitamin- und mineralstoffreich. Sie haben viel Eisen und Kalium.<\/p>\n<p>Der Kirschkern enth\u00e4lt Blaus\u00e4ure und darf daher nicht gegessen werden.<\/p>\n<p><strong>Erh\u00e4ltlich bei uns ab Anfang Juni bis Mitte Juli.<\/strong><\/p>\n<\/div>\n","protected":false},"excerpt":{"rendered":"<p>Kirschen \u2013 ihr auff\u00e4lliges Rot und der prall gef\u00fcllte Fruchtk\u00f6rper machen es einem schwer, zu widerstehen. Sie sind im Sommer nur kurze Zeit erh\u00e4ltlich, aber nicht nur deswegen ein ganz besonders Obst. Kirschen sind vitamin- und mineralstoffreich. Sie haben viel Eisen und Kalium. Der Kirschkern enth\u00e4lt Blaus\u00e4ure und darf daher nicht gegessen werden. Erh\u00e4ltlich bei<span class=\"before-more-link\">&#8230;<\/span><a class=\"more-link\" href=\"http:\/\/brunnbauer-siegl.at\/?page_id=102\">Read more &#8230;<\/a><\/p>\n","protected":false},"author":1,"featured_media":0,"parent":0,"menu_order":0,"comment_status":"open","ping_status":"closed","template":"","meta":[],"jetpack_sharing_enabled":true,"_links":{"self":[{"href":"http:\/\/brunnbauer-siegl.at\/index.php?rest_route=\/wp\/v2\/pages\/102"}],"collection":[{"href":"http:\/\/brunnbauer-siegl.at\/index.php?rest_route=\/wp\/v2\/pages"}],"about":[{"href":"http:\/\/brunnbauer-siegl.at\/index.php?rest_route=\/wp\/v2\/types\/page"}],"author":[{"embeddable":true,"href":"http:\/\/brunnbauer-siegl.at\/index.php?rest_route=\/wp\/v2\/users\/1"}],"replies":[{"embeddable":true,"href":"http:\/\/brunnbauer-siegl.at\/index.php?rest_route=%2Fwp%2Fv2%2Fcomments&post=102"}],"version-history":[{"count":1,"href":"http:\/\/brunnbauer-siegl.at\/index.php?rest_route=\/wp\/v2\/pages\/102\/revisions"}],"predecessor-version":[{"id":475,"href":"http:\/\/brunnbauer-siegl.at\/index.php?rest_route=\/wp\/v2\/pages\/102\/revisions\/475"}],"wp:attachment":[{"href":"http:\/\/brunnbauer-siegl.at\/index.php?rest_route=%2Fwp%2Fv2%2Fmedia&parent=102"}],"curies":[{"name":"wp","href":"https:\/\/api.w.org\/{rel}","templated":true}]}}