{"id":107,"date":"2015-03-10T08:38:15","date_gmt":"2015-03-10T08:38:15","guid":{"rendered":"http:\/\/localhost\/wordpress\/?page_id=107"},"modified":"2023-04-13T08:44:28","modified_gmt":"2023-04-13T08:44:28","slug":"schnapslikoer","status":"publish","type":"page","link":"http:\/\/brunnbauer-siegl.at\/?page_id=107","title":{"rendered":"Schnaps&amp;Lik\u00f6r"},"content":{"rendered":"<div style=\"float: left; width: 30%; position: absolut;\">\n<p><a href=\"http:\/\/brunnbauer-siegl.at\/wp-content\/uploads\/2023\/04\/Brunnbauer038-scaled.jpg\"><img decoding=\"async\" loading=\"lazy\" class=\"alignleft wp-image-671 \" src=\"http:\/\/brunnbauer-siegl.at\/wp-content\/uploads\/2023\/04\/Brunnbauer038-200x300.jpg\" alt=\"\" width=\"222\" height=\"333\" srcset=\"http:\/\/brunnbauer-siegl.at\/wp-content\/uploads\/2023\/04\/Brunnbauer038-200x300.jpg 200w, http:\/\/brunnbauer-siegl.at\/wp-content\/uploads\/2023\/04\/Brunnbauer038-683x1024.jpg 683w, http:\/\/brunnbauer-siegl.at\/wp-content\/uploads\/2023\/04\/Brunnbauer038-768x1151.jpg 768w, http:\/\/brunnbauer-siegl.at\/wp-content\/uploads\/2023\/04\/Brunnbauer038-1025x1536.jpg 1025w, http:\/\/brunnbauer-siegl.at\/wp-content\/uploads\/2023\/04\/Brunnbauer038-1366x2048.jpg 1366w, http:\/\/brunnbauer-siegl.at\/wp-content\/uploads\/2023\/04\/Brunnbauer038-scaled.jpg 1708w\" sizes=\"(max-width: 222px) 100vw, 222px\" \/><\/a><\/p>\n<\/div>\n<div style=\"float: right; width: 65%; position: relative;\">\n<p>Die Schn\u00e4pse werden aus verschiedenen klassischen Obstsorten wie Apfel, Birne, Marille, Kirsche und Zwetschke mit der hofeigenen Brennerei erzeugt.<\/p>\n<p>Wir stellen mit gro\u00dfer Sorgfalt unsere Lik\u00f6re her.<\/p>\n<p>F\u00fcr das fruchtige Geschmackserlebnis werden nur die besten und richtig reifen Fr\u00fcchte verwendet.<\/p>\n<p>Wir verwenden keine k\u00fcnstlichen Farb- oder Aromastoffe.<\/p>\n<\/div>\n\n\n<p><\/p>\n\n\n\n<p><\/p>\n\n\n\n<figure class=\"wp-block-image size-large is-resized\"><a href=\"http:\/\/brunnbauer-siegl.at\/wp-content\/uploads\/2023\/04\/Brunnbauer054-scaled.jpg\"><img decoding=\"async\" loading=\"lazy\" src=\"http:\/\/brunnbauer-siegl.at\/wp-content\/uploads\/2023\/04\/Brunnbauer054-1024x683.jpg\" alt=\"\" class=\"wp-image-672\" width=\"277\" height=\"185\" srcset=\"http:\/\/brunnbauer-siegl.at\/wp-content\/uploads\/2023\/04\/Brunnbauer054-1024x683.jpg 1024w, http:\/\/brunnbauer-siegl.at\/wp-content\/uploads\/2023\/04\/Brunnbauer054-300x200.jpg 300w, http:\/\/brunnbauer-siegl.at\/wp-content\/uploads\/2023\/04\/Brunnbauer054-768x512.jpg 768w, http:\/\/brunnbauer-siegl.at\/wp-content\/uploads\/2023\/04\/Brunnbauer054-1536x1025.jpg 1536w, http:\/\/brunnbauer-siegl.at\/wp-content\/uploads\/2023\/04\/Brunnbauer054-2048x1366.jpg 2048w\" sizes=\"(max-width: 277px) 100vw, 277px\" \/><\/a><\/figure>\n","protected":false},"excerpt":{"rendered":"<p>Die Schn\u00e4pse werden aus verschiedenen klassischen Obstsorten wie Apfel, Birne, Marille, Kirsche und Zwetschke mit der hofeigenen Brennerei erzeugt. Wir stellen mit gro\u00dfer Sorgfalt unsere Lik\u00f6re her. F\u00fcr das fruchtige Geschmackserlebnis werden nur die besten und richtig reifen Fr\u00fcchte verwendet. Wir verwenden keine k\u00fcnstlichen Farb- oder Aromastoffe.<\/p>\n","protected":false},"author":1,"featured_media":0,"parent":0,"menu_order":0,"comment_status":"open","ping_status":"closed","template":"","meta":[],"jetpack_sharing_enabled":true,"_links":{"self":[{"href":"http:\/\/brunnbauer-siegl.at\/index.php?rest_route=\/wp\/v2\/pages\/107"}],"collection":[{"href":"http:\/\/brunnbauer-siegl.at\/index.php?rest_route=\/wp\/v2\/pages"}],"about":[{"href":"http:\/\/brunnbauer-siegl.at\/index.php?rest_route=\/wp\/v2\/types\/page"}],"author":[{"embeddable":true,"href":"http:\/\/brunnbauer-siegl.at\/index.php?rest_route=\/wp\/v2\/users\/1"}],"replies":[{"embeddable":true,"href":"http:\/\/brunnbauer-siegl.at\/index.php?rest_route=%2Fwp%2Fv2%2Fcomments&post=107"}],"version-history":[{"count":4,"href":"http:\/\/brunnbauer-siegl.at\/index.php?rest_route=\/wp\/v2\/pages\/107\/revisions"}],"predecessor-version":[{"id":695,"href":"http:\/\/brunnbauer-siegl.at\/index.php?rest_route=\/wp\/v2\/pages\/107\/revisions\/695"}],"wp:attachment":[{"href":"http:\/\/brunnbauer-siegl.at\/index.php?rest_route=%2Fwp%2Fv2%2Fmedia&parent=107"}],"curies":[{"name":"wp","href":"https:\/\/api.w.org\/{rel}","templated":true}]}}