{"id":109,"date":"2015-03-10T08:38:38","date_gmt":"2015-03-10T08:38:38","guid":{"rendered":"http:\/\/localhost\/wordpress\/?page_id=109"},"modified":"2015-09-08T13:22:58","modified_gmt":"2015-09-08T13:22:58","slug":"weichseln","status":"publish","type":"page","link":"http:\/\/brunnbauer-siegl.at\/?page_id=109","title":{"rendered":"Weichseln"},"content":{"rendered":"<div style=\"float: left; width: 30%; position: absolut;\">\n<p><a href=\"http:\/\/brunnbauer-siegl.at\/wp-content\/uploads\/2015\/09\/Weichseln.png\"><img decoding=\"async\" loading=\"lazy\" src=\"http:\/\/brunnbauer-siegl.at\/wp-content\/uploads\/2015\/09\/Weichseln-300x169.png\" alt=\"Weichseln\" width=\"300\" height=\"169\" class=\"alignnone size-medium wp-image-349\" srcset=\"http:\/\/brunnbauer-siegl.at\/wp-content\/uploads\/2015\/09\/Weichseln-300x169.png 300w, http:\/\/brunnbauer-siegl.at\/wp-content\/uploads\/2015\/09\/Weichseln.png 844w\" sizes=\"(max-width: 300px) 100vw, 300px\" \/><\/a><\/p>\n<\/div>\n<div style=\"float: right; width: 65%; position: relative;\">\n<p>Meist werden sie roh genossen, werden aber auch in Kompotten, in Kuchenbel\u00e4gen und S\u00e4ften verarbeitet.<\/p>\n<p>Die Weichseln unterscheiden sich von ihren s\u00fc\u00dfen Schwestern vor allem durch einen h\u00f6heren Fruchts\u00e4uregehalt. Sie kurbeln den Stoffwechsel an, stimulieren die S\u00e4ftebildung der Verdauungsdr\u00fcsen. Sauerkirschen enthalten Eiwei\u00df, Fett, Kohlenhydrate und Ballaststoffe.<\/p>\n<p><strong>Erh\u00e4ltlich bei uns Ende Juni bis Mitte Juli.<\/strong><\/p>\n<\/div>\n","protected":false},"excerpt":{"rendered":"<p>Meist werden sie roh genossen, werden aber auch in Kompotten, in Kuchenbel\u00e4gen und S\u00e4ften verarbeitet. Die Weichseln unterscheiden sich von ihren s\u00fc\u00dfen Schwestern vor allem durch einen h\u00f6heren Fruchts\u00e4uregehalt. Sie kurbeln den Stoffwechsel an, stimulieren die S\u00e4ftebildung der Verdauungsdr\u00fcsen. Sauerkirschen enthalten Eiwei\u00df, Fett, Kohlenhydrate und Ballaststoffe. Erh\u00e4ltlich bei uns Ende Juni bis Mitte Juli.<\/p>\n","protected":false},"author":1,"featured_media":0,"parent":0,"menu_order":0,"comment_status":"open","ping_status":"closed","template":"","meta":[],"jetpack_sharing_enabled":true,"_links":{"self":[{"href":"http:\/\/brunnbauer-siegl.at\/index.php?rest_route=\/wp\/v2\/pages\/109"}],"collection":[{"href":"http:\/\/brunnbauer-siegl.at\/index.php?rest_route=\/wp\/v2\/pages"}],"about":[{"href":"http:\/\/brunnbauer-siegl.at\/index.php?rest_route=\/wp\/v2\/types\/page"}],"author":[{"embeddable":true,"href":"http:\/\/brunnbauer-siegl.at\/index.php?rest_route=\/wp\/v2\/users\/1"}],"replies":[{"embeddable":true,"href":"http:\/\/brunnbauer-siegl.at\/index.php?rest_route=%2Fwp%2Fv2%2Fcomments&post=109"}],"version-history":[{"count":2,"href":"http:\/\/brunnbauer-siegl.at\/index.php?rest_route=\/wp\/v2\/pages\/109\/revisions"}],"predecessor-version":[{"id":663,"href":"http:\/\/brunnbauer-siegl.at\/index.php?rest_route=\/wp\/v2\/pages\/109\/revisions\/663"}],"wp:attachment":[{"href":"http:\/\/brunnbauer-siegl.at\/index.php?rest_route=%2Fwp%2Fv2%2Fmedia&parent=109"}],"curies":[{"name":"wp","href":"https:\/\/api.w.org\/{rel}","templated":true}]}}