{"id":144,"date":"2015-03-10T09:31:41","date_gmt":"2015-03-10T09:31:41","guid":{"rendered":"http:\/\/localhost\/wordpress\/?page_id=144"},"modified":"2022-08-19T12:01:56","modified_gmt":"2022-08-19T12:01:56","slug":"impressum","status":"publish","type":"page","link":"http:\/\/brunnbauer-siegl.at\/?page_id=144","title":{"rendered":"Impressum"},"content":{"rendered":"<table class=\"impressum\" border=\"0\">\n<tbody>\n<tr>\n<td>Firmenwortlaut und Adresse<\/td>\n<td>Brunnbauer &#8211; Obstbau Siegl<br \/>\nFrankenberg 27<br \/>\n4222 Langenstein<\/td>\n<\/tr>\n<tr>\n<td>Betriebsleiter<\/td>\n<td>Sandra und Martin Siegl<\/td>\n<\/tr>\n<tr>\n<td><\/td>\n<td><\/td>\n<\/tr>\n<tr>\n<td>Links<\/td>\n<td>Fotos: www.pixabay.com<br \/>\nPhotoshop Brushes: www.brusheezy.com<br \/>\nSchrift: Frente H1, Frente, https:\/\/www.fontsquirrel.com\/fonts\/frente-h1,CC BY-SA 3.0 AT, https:\/\/creativecommons.org\/licenses\/by-sa\/3.0\/at\/<\/td>\n<\/tr>\n<tr>\n<td>Haftungsausschluss<\/td>\n<td><strong>1. Haftungsbeschr\u00e4nkung<\/strong><br \/>\nDie Inhalte des Internetauftritts wurden mit gr\u00f6\u00dftm\u00f6glicher Sorgfalt und nach bestem Gewissen erstellt. Dennoch \u00fcbernimmt der Anbieter dieser Webseite keine Gew\u00e4hr f\u00fcr die Aktualit\u00e4t, Vollst\u00e4ndigkeit und Richtigkeit der bereitgestellten Seiten und Inhalte.Sollten Ihnen problematische oder rechtswidrige Inhalte auffallen, bitten wir Sie uns umgehend zu kontaktieren, Sie finden die Kontaktdaten im Impressum.Als Diensteanbieter ist der Anbieter dieser Webseite f\u00fcr eigene Inhalte und bereitgestellte Informationen auf diesen Seiten nach den allgemeinen Gesetzen verantwortlich, jedoch nicht verpflichtet, die \u00fcbermittelten oder gespeicherten fremden Informationen zu \u00fcberwachen. Eine Entfernung oder Sperrung dieser Inhalte erfolgt umgehend ab dem Zeitpunkt der Kenntnis einer konkreten Rechtsverletzung. Eine Haftung ist erst ab dem Zeitpunkt der Kenntniserlangung m\u00f6glich.<\/p>\n<p><strong>2. Externe Links<\/strong><br \/>\nDie Webseite enth\u00e4lt sog. \u201eexterne Links\u201c (Verlinkungen) zu anderen Webseiten, auf deren Inhalt der Anbieter der Webseite keinen Einfluss hat. Aus diesem Grund kann der Anbieter f\u00fcr diese Inhalte auch keine Gew\u00e4hr \u00fcbernehmen.<br \/>\nF\u00fcr die Inhalte und Richtigkeit der bereitgestellten Informationen ist der jeweilige Anbieter der verlinkten Webseite verantwortlich. Zum Zeitpunkt der Verlinkung waren keine Rechtsverst\u00f6\u00dfe erkennbar. Bei Bekanntwerden einer solchen Rechtsverletzung wird der Link umgehend entfernen.<\/p>\n<p><strong>3. Urheberrecht\/Leistungsschutzrecht<\/strong><br \/>\nDie auf dieser Webseite ver\u00f6ffentlichten Inhalte, Werke und bereitgestellten Informationen unterliegen dem Urheberrecht. Jede Art der Vervielf\u00e4ltigung, Bearbeitung, Verbreitung, Einspeicherung und jede Art der Verwertung au\u00dferhalb der Grenzen des Urheberrechts bedarf der vorherigen schriftlichen Zustimmung des jeweiligen Rechteinhabers. Das unerlaubte Kopieren\/Speichern der bereitgestellten Informationen auf diesen Webseiten ist nicht gestattet.\u00a0Falls notwendig, werden wir die unerlaubte Nutzung von Teilen der Inhalte unserer Seite rechtlich verfolgen.<\/p>\n<p><strong>4. Datenschutz<\/strong><br \/>\nDurch den Besuch des Internetauftritts k\u00f6nnen Informationen (Datum, Uhrzeit, aufgerufene Seite) \u00fcber den Zugriff auf dem Server gespeichert werden. Es werden keine personenbezogenenen (z. B. Name, Anschrift oder E-Mail-Adresse) Daten, gespeichert.<\/p>\n<p>Diese Website bedient sich Dienste von Drittanbietern, die das Webangebot der Website verbessern. Im Zuge der Nutzung dieser Dienste werden Daten in Drittstaaten (insbesondere den USA) \u00fcbermittelt. Wenn Sie Cookies zulassen, umfasst Ihre Einwilligung somit auch die Zustimmung zur \u00dcbermittlung personenbezogener Daten in Drittl\u00e4nder. Aufgrund der Gesetzeslage in Drittstaaten (insbesondere jener der USA) kann trotz Datenspeicherung innerhalb der EU eine Daten\u00fcbermittlung in Drittstaaten bzw. ein Zugriff auf die Daten durch US-Beh\u00f6rden nicht ausgeschlossen werden<\/p>\n<p>Sofern personenbezogene Daten erhoben werden, erfolgt dies, sofern m\u00f6glich, nur mit dem vorherigen Einverst\u00e4ndnis des Nutzers der Webseite. Eine Weitergabe der Daten an Dritte findet ohne ausdr\u00fcckliche Zustimmung des Nutzers nicht statt.<\/p>\n<p>Der Anbieter weist darauf hin, dass die \u00dcbertragung von Daten im Internet (z. B. per E-Mail) Sicherheitsl\u00fccken aufweisen und ein l\u00fcckenloser Schutz der Daten vor dem Zugriff Dritter nicht gew\u00e4hrleistet werden kann. Der Anbieter \u00fcbernimmt keine Haftung f\u00fcr die durch solche Sicherheitsl\u00fccken entstandenen Sch\u00e4den.<\/p>\n<p>Der Verwendung der Kontaktdaten durch Dritte zur gewerblichen Nutzung wird ausdr\u00fccklich widersprochen. Es sei denn, der Anbieter hat zuvor seine schriftliche Einwilligung erteilt.<br \/>\nDer Anbieter beh\u00e4lt sich rechtliche Schritte f\u00fcr den Fall der unverlangten Zusendung von Werbeinformationen, z. B. durch Spam-Mails, vor.<\/p>\n<p><strong>5. COOKIES<\/strong><\/p>\n<p>Unsere Website verwendet Cookies. Dabei handelt es sich um kleine Textdateien, die mit Hilfe des Browsers auf Ihrem Endger\u00e4t abgelegt werden. Sie richten keinen Schaden an.\u00a0Wir nutzen Cookies dazu, unser Angebot nutzerfreundlich zu gestalten. Einige Cookies bleiben auf Ihrem Endger\u00e4t gespeichert, bis Sie diese l\u00f6schen. Sie erm\u00f6glichen es uns, Ihren Browser beim n\u00e4chsten Besuch wiederzuerkennen.\u00a0Bei der Deaktivierung von Cookies kann die Funktionalit\u00e4t unserer Website eingeschr\u00e4nkt sein.<\/td>\n<\/tr>\n<\/tbody>\n<\/table>\n","protected":false},"excerpt":{"rendered":"<p>Firmenwortlaut und Adresse Brunnbauer &#8211; Obstbau Siegl Frankenberg 27 4222 Langenstein Betriebsleiter Sandra und Martin Siegl Links Fotos: www.pixabay.com Photoshop Brushes: www.brusheezy.com Schrift: Frente H1, Frente, https:\/\/www.fontsquirrel.com\/fonts\/frente-h1,CC BY-SA 3.0 AT, https:\/\/creativecommons.org\/licenses\/by-sa\/3.0\/at\/ Haftungsausschluss 1. Haftungsbeschr\u00e4nkung Die Inhalte des Internetauftritts wurden mit gr\u00f6\u00dftm\u00f6glicher Sorgfalt und nach bestem Gewissen erstellt. Dennoch \u00fcbernimmt der Anbieter dieser Webseite keine Gew\u00e4hr<span class=\"before-more-link\">&#8230;<\/span><a class=\"more-link\" href=\"http:\/\/brunnbauer-siegl.at\/?page_id=144\">Read more &#8230;<\/a><\/p>\n","protected":false},"author":1,"featured_media":0,"parent":0,"menu_order":0,"comment_status":"open","ping_status":"closed","template":"","meta":[],"jetpack_sharing_enabled":true,"_links":{"self":[{"href":"http:\/\/brunnbauer-siegl.at\/index.php?rest_route=\/wp\/v2\/pages\/144"}],"collection":[{"href":"http:\/\/brunnbauer-siegl.at\/index.php?rest_route=\/wp\/v2\/pages"}],"about":[{"href":"http:\/\/brunnbauer-siegl.at\/index.php?rest_route=\/wp\/v2\/types\/page"}],"author":[{"embeddable":true,"href":"http:\/\/brunnbauer-siegl.at\/index.php?rest_route=\/wp\/v2\/users\/1"}],"replies":[{"embeddable":true,"href":"http:\/\/brunnbauer-siegl.at\/index.php?rest_route=%2Fwp%2Fv2%2Fcomments&post=144"}],"version-history":[{"count":11,"href":"http:\/\/brunnbauer-siegl.at\/index.php?rest_route=\/wp\/v2\/pages\/144\/revisions"}],"predecessor-version":[{"id":651,"href":"http:\/\/brunnbauer-siegl.at\/index.php?rest_route=\/wp\/v2\/pages\/144\/revisions\/651"}],"wp:attachment":[{"href":"http:\/\/brunnbauer-siegl.at\/index.php?rest_route=%2Fwp%2Fv2%2Fmedia&parent=144"}],"curies":[{"name":"wp","href":"https:\/\/api.w.org\/{rel}","templated":true}]}}