{"id":92,"date":"2015-03-10T08:33:15","date_gmt":"2015-03-10T08:33:15","guid":{"rendered":"http:\/\/localhost\/wordpress\/?page_id=92"},"modified":"2015-09-08T13:02:42","modified_gmt":"2015-09-08T13:02:42","slug":"apfelchips","status":"publish","type":"page","link":"http:\/\/brunnbauer-siegl.at\/?page_id=92","title":{"rendered":"Apfelchips"},"content":{"rendered":"<div style=\"float: left; width: 30%; position: absolut;\">\n<p><a href=\"http:\/\/brunnbauer-siegl.at\/wp-content\/uploads\/2015\/09\/Apfelchips.png\"><img decoding=\"async\" loading=\"lazy\" class=\"alignnone size-medium wp-image-338\" src=\"http:\/\/brunnbauer-siegl.at\/wp-content\/uploads\/2015\/09\/Apfelchips-300x169.png\" alt=\"Apfelchips\" width=\"300\" height=\"169\" srcset=\"http:\/\/brunnbauer-siegl.at\/wp-content\/uploads\/2015\/09\/Apfelchips-300x169.png 300w, http:\/\/brunnbauer-siegl.at\/wp-content\/uploads\/2015\/09\/Apfelchips-1024x576.png 1024w\" sizes=\"(max-width: 300px) 100vw, 300px\" \/><\/a><\/p>\n<\/div>\n<div style=\"float: right; width: 65%; position: relative;\">\n<p>Egal ob Schule, B\u00fcro, beim Sport oder zu Hause: Apfelchips sind ein fruchtig leichter Knabberspa\u00df \u2013 auch f\u00fcr Obstmuffel. Hol Dir eine geballte Ladung Mineral- und Ballaststoffe als Nervennahrung, Energiespender oder als Alternative zu herk\u00f6mmlichen Snacks.<\/p>\n<p>F\u00fcr Dich waschen und entkernen wir alle Fr\u00fcchte von Hand, bevor wir sie in d\u00fcnne Scheiben schneiden. Danach geht es ab in unseren Trockenschrank. Einige Stunden sp\u00e4ter kommen knackige, geschmacksintensive Obstchips aus dem Ofen.<\/p>\n<\/div>\n","protected":false},"excerpt":{"rendered":"<p>Egal ob Schule, B\u00fcro, beim Sport oder zu Hause: Apfelchips sind ein fruchtig leichter Knabberspa\u00df \u2013 auch f\u00fcr Obstmuffel. Hol Dir eine geballte Ladung Mineral- und Ballaststoffe als Nervennahrung, Energiespender oder als Alternative zu herk\u00f6mmlichen Snacks. F\u00fcr Dich waschen und entkernen wir alle Fr\u00fcchte von Hand, bevor wir sie in d\u00fcnne Scheiben schneiden. Danach geht<span class=\"before-more-link\">&#8230;<\/span><a class=\"more-link\" href=\"http:\/\/brunnbauer-siegl.at\/?page_id=92\">Read more &#8230;<\/a><\/p>\n","protected":false},"author":1,"featured_media":0,"parent":0,"menu_order":0,"comment_status":"open","ping_status":"closed","template":"","meta":[],"jetpack_sharing_enabled":true,"_links":{"self":[{"href":"http:\/\/brunnbauer-siegl.at\/index.php?rest_route=\/wp\/v2\/pages\/92"}],"collection":[{"href":"http:\/\/brunnbauer-siegl.at\/index.php?rest_route=\/wp\/v2\/pages"}],"about":[{"href":"http:\/\/brunnbauer-siegl.at\/index.php?rest_route=\/wp\/v2\/types\/page"}],"author":[{"embeddable":true,"href":"http:\/\/brunnbauer-siegl.at\/index.php?rest_route=\/wp\/v2\/users\/1"}],"replies":[{"embeddable":true,"href":"http:\/\/brunnbauer-siegl.at\/index.php?rest_route=%2Fwp%2Fv2%2Fcomments&post=92"}],"version-history":[{"count":1,"href":"http:\/\/brunnbauer-siegl.at\/index.php?rest_route=\/wp\/v2\/pages\/92\/revisions"}],"predecessor-version":[{"id":465,"href":"http:\/\/brunnbauer-siegl.at\/index.php?rest_route=\/wp\/v2\/pages\/92\/revisions\/465"}],"wp:attachment":[{"href":"http:\/\/brunnbauer-siegl.at\/index.php?rest_route=%2Fwp%2Fv2%2Fmedia&parent=92"}],"curies":[{"name":"wp","href":"https:\/\/api.w.org\/{rel}","templated":true}]}}