{"id":94,"date":"2015-03-10T08:34:25","date_gmt":"2015-03-10T08:34:25","guid":{"rendered":"http:\/\/localhost\/wordpress\/?page_id=94"},"modified":"2015-09-21T16:10:08","modified_gmt":"2015-09-21T16:10:08","slug":"birnen","status":"publish","type":"page","link":"http:\/\/brunnbauer-siegl.at\/?page_id=94","title":{"rendered":"Birnen"},"content":{"rendered":"<div style=\"float: left; width: 30%; position: absolut;\">\n<p><a href=\"http:\/\/brunnbauer-siegl.at\/wp-content\/uploads\/2015\/09\/Birnen.png\"><img decoding=\"async\" loading=\"lazy\" src=\"http:\/\/brunnbauer-siegl.at\/wp-content\/uploads\/2015\/09\/Birnen-300x169.png\" alt=\"Birnen\" width=\"300\" height=\"169\" class=\"alignnone size-medium wp-image-491\" srcset=\"http:\/\/brunnbauer-siegl.at\/wp-content\/uploads\/2015\/09\/Birnen-300x169.png 300w, http:\/\/brunnbauer-siegl.at\/wp-content\/uploads\/2015\/09\/Birnen-1024x576.png 1024w\" sizes=\"(max-width: 300px) 100vw, 300px\" \/><\/a><\/p>\n<\/div>\n<div style=\"float: right; width: 65%; position: relative;\">\n<p>Die Birne ist neben dem Apfel eine der beliebtesten Obstsorten und wird gerne zwischendurch gegen den kleinen Hunger als St\u00fcckobst verzehrt.<\/p>\n<p>Birnen haben im Vergleich zu vielen anderen Obstsorten einen geringen S\u00e4uregehalt. Sie werden daher von s\u00e4ureempfindlichen Personen gut vertragen. Die Birne ist ein guter Ballaststoff-Lieferant, au\u00dferdem enth\u00e4lt sie Vitamin A, Vitamine der B-Gruppe, Fols\u00e4ure und Vitamin C sowie die Mineralstoffe Kalium, Kalzium und Magnesium.<\/p>\n<p>&nbsp;<\/p>\n<p><strong>Erh\u00e4ltlich bei uns:<\/strong><\/p>\n<ul>\n<li>Williams Christ<\/li>\n<li>Conference<\/li>\n<li>Novemberbirne<\/li>\n<li>Butterbirne<\/li>\n<li>Alexander Lucas<\/li>\n<li>Gute Luise<\/li>\n<li>Gute Helene<\/li>\n<\/ul>\n<\/div>\n","protected":false},"excerpt":{"rendered":"<p>Die Birne ist neben dem Apfel eine der beliebtesten Obstsorten und wird gerne zwischendurch gegen den kleinen Hunger als St\u00fcckobst verzehrt. Birnen haben im Vergleich zu vielen anderen Obstsorten einen geringen S\u00e4uregehalt. Sie werden daher von s\u00e4ureempfindlichen Personen gut vertragen. Die Birne ist ein guter Ballaststoff-Lieferant, au\u00dferdem enth\u00e4lt sie Vitamin A, Vitamine der B-Gruppe, Fols\u00e4ure<span class=\"before-more-link\">&#8230;<\/span><a class=\"more-link\" href=\"http:\/\/brunnbauer-siegl.at\/?page_id=94\">Read more &#8230;<\/a><\/p>\n","protected":false},"author":1,"featured_media":0,"parent":0,"menu_order":0,"comment_status":"open","ping_status":"closed","template":"","meta":[],"jetpack_sharing_enabled":true,"_links":{"self":[{"href":"http:\/\/brunnbauer-siegl.at\/index.php?rest_route=\/wp\/v2\/pages\/94"}],"collection":[{"href":"http:\/\/brunnbauer-siegl.at\/index.php?rest_route=\/wp\/v2\/pages"}],"about":[{"href":"http:\/\/brunnbauer-siegl.at\/index.php?rest_route=\/wp\/v2\/types\/page"}],"author":[{"embeddable":true,"href":"http:\/\/brunnbauer-siegl.at\/index.php?rest_route=\/wp\/v2\/users\/1"}],"replies":[{"embeddable":true,"href":"http:\/\/brunnbauer-siegl.at\/index.php?rest_route=%2Fwp%2Fv2%2Fcomments&post=94"}],"version-history":[{"count":3,"href":"http:\/\/brunnbauer-siegl.at\/index.php?rest_route=\/wp\/v2\/pages\/94\/revisions"}],"predecessor-version":[{"id":507,"href":"http:\/\/brunnbauer-siegl.at\/index.php?rest_route=\/wp\/v2\/pages\/94\/revisions\/507"}],"wp:attachment":[{"href":"http:\/\/brunnbauer-siegl.at\/index.php?rest_route=%2Fwp%2Fv2%2Fmedia&parent=94"}],"curies":[{"name":"wp","href":"https:\/\/api.w.org\/{rel}","templated":true}]}}