{"id":96,"date":"2015-03-10T08:35:03","date_gmt":"2015-03-10T08:35:03","guid":{"rendered":"http:\/\/localhost\/wordpress\/?page_id=96"},"modified":"2023-04-12T15:57:05","modified_gmt":"2023-04-12T15:57:05","slug":"essig","status":"publish","type":"page","link":"http:\/\/brunnbauer-siegl.at\/?page_id=96","title":{"rendered":"Essig"},"content":{"rendered":"<div style=\"float: left; width: 30%; position: absolut;\">\n<p><a href=\"http:\/\/brunnbauer-siegl.at\/wp-content\/uploads\/2023\/04\/Brunnbauer095-scaled.jpg\"><img decoding=\"async\" loading=\"lazy\" class=\"alignleft wp-image-676 size-medium\" src=\"http:\/\/brunnbauer-siegl.at\/wp-content\/uploads\/2023\/04\/Brunnbauer095-300x200.jpg\" alt=\"\" width=\"300\" height=\"200\" srcset=\"http:\/\/brunnbauer-siegl.at\/wp-content\/uploads\/2023\/04\/Brunnbauer095-300x200.jpg 300w, http:\/\/brunnbauer-siegl.at\/wp-content\/uploads\/2023\/04\/Brunnbauer095-1024x683.jpg 1024w, http:\/\/brunnbauer-siegl.at\/wp-content\/uploads\/2023\/04\/Brunnbauer095-768x512.jpg 768w, http:\/\/brunnbauer-siegl.at\/wp-content\/uploads\/2023\/04\/Brunnbauer095-1536x1025.jpg 1536w, http:\/\/brunnbauer-siegl.at\/wp-content\/uploads\/2023\/04\/Brunnbauer095-2048x1366.jpg 2048w\" sizes=\"(max-width: 300px) 100vw, 300px\" \/><\/a><\/p>\n<\/div>\n<div style=\"float: right; width: 65%; position: relative;\">\n<p>Naturtr\u00fcber Apfelessig hat sehr viele Vitamine, Mineralstoffe und wichtige Spurenelemente. Damit wird unser Immunsystem gest\u00e4rkt.<\/p>\n<ul>\n<li>Er wirkt antibakteriell und entz\u00fcndungshemmend<\/li>\n<li>Er f\u00f6rdert eine gesunde und wirkungsvolle Darmflora<\/li>\n<li>Er bringt den Stoffwechsel in Schwung und f\u00f6rdert die Verdauung<\/li>\n<li>Er kann einen erh\u00f6hten Cholesterinspiegel senken<\/li>\n<\/ul>\n<p><strong>Erh\u00e4ltlich bei uns :<\/strong><\/p>\n<p style=\"padding-left: 150px;\">Apfelessig<\/p>\n<p style=\"padding-left: 150px;\">verschiedene Ansatzessige<\/p>\n<\/div>\n","protected":false},"excerpt":{"rendered":"<p>Naturtr\u00fcber Apfelessig hat sehr viele Vitamine, Mineralstoffe und wichtige Spurenelemente. Damit wird unser Immunsystem gest\u00e4rkt. Er wirkt antibakteriell und entz\u00fcndungshemmend Er f\u00f6rdert eine gesunde und wirkungsvolle Darmflora Er bringt den Stoffwechsel in Schwung und f\u00f6rdert die Verdauung Er kann einen erh\u00f6hten Cholesterinspiegel senken Erh\u00e4ltlich bei uns : Apfelessig verschiedene Ansatzessige<\/p>\n","protected":false},"author":1,"featured_media":0,"parent":0,"menu_order":0,"comment_status":"open","ping_status":"closed","template":"","meta":[],"jetpack_sharing_enabled":true,"_links":{"self":[{"href":"http:\/\/brunnbauer-siegl.at\/index.php?rest_route=\/wp\/v2\/pages\/96"}],"collection":[{"href":"http:\/\/brunnbauer-siegl.at\/index.php?rest_route=\/wp\/v2\/pages"}],"about":[{"href":"http:\/\/brunnbauer-siegl.at\/index.php?rest_route=\/wp\/v2\/types\/page"}],"author":[{"embeddable":true,"href":"http:\/\/brunnbauer-siegl.at\/index.php?rest_route=\/wp\/v2\/users\/1"}],"replies":[{"embeddable":true,"href":"http:\/\/brunnbauer-siegl.at\/index.php?rest_route=%2Fwp%2Fv2%2Fcomments&post=96"}],"version-history":[{"count":2,"href":"http:\/\/brunnbauer-siegl.at\/index.php?rest_route=\/wp\/v2\/pages\/96\/revisions"}],"predecessor-version":[{"id":684,"href":"http:\/\/brunnbauer-siegl.at\/index.php?rest_route=\/wp\/v2\/pages\/96\/revisions\/684"}],"wp:attachment":[{"href":"http:\/\/brunnbauer-siegl.at\/index.php?rest_route=%2Fwp%2Fv2%2Fmedia&parent=96"}],"curies":[{"name":"wp","href":"https:\/\/api.w.org\/{rel}","templated":true}]}}